{"id":17,"date":"2021-03-18T17:38:59","date_gmt":"2021-03-18T16:38:59","guid":{"rendered":"https:\/\/bootsverleih-flossfahrten.de\/floss\/?page_id=17"},"modified":"2025-06-13T15:55:09","modified_gmt":"2025-06-13T13:55:09","slug":"angebote","status":"publish","type":"page","link":"https:\/\/bootsverleih-flossfahrten.de\/floss\/angebote\/","title":{"rendered":"Angebote"},"content":{"rendered":"\t\t<div data-elementor-type=\"wp-page\" data-elementor-id=\"17\" class=\"elementor elementor-17\">\n\t\t\t\t\t\t<section class=\"elementor-section elementor-top-section elementor-element elementor-element-a8ec4da elementor-section-boxed elementor-section-height-default elementor-section-height-default\" data-id=\"a8ec4da\" data-element_type=\"section\">\r\n\t\t\t\t\t\t<div class=\"elementor-container elementor-column-gap-thegem\"><div class=\"elementor-row\">\r\n\t\t\t\t\t<div class=\"elementor-column elementor-col-100 elementor-top-column elementor-element elementor-element-caf1284\" data-id=\"caf1284\" data-element_type=\"column\">\n\t\t\t<div class=\"elementor-widget-wrap elementor-element-populated\">\n\t\t\t\t\t\t<div class=\"elementor-element elementor-element-7de460e flex-horizontal-align-default flex-horizontal-align-tablet-default flex-horizontal-align-mobile-default flex-vertical-align-default flex-vertical-align-tablet-default flex-vertical-align-mobile-default elementor-widget elementor-widget-heading\" data-id=\"7de460e\" data-element_type=\"widget\" data-widget_type=\"heading.default\">\n\t\t\t\t<div class=\"elementor-widget-container\">\n\t\t\t\t\t<h2 class=\"elementor-heading-title elementor-size-default\">Angebote und Preise<\/h2>\t\t\t\t<\/div>\n\t\t\t\t<\/div>\n\t\t\t\t\t<\/div>\n\t\t<\/div>\n\t\t\t\t\t<\/div><\/div>\r\n\t\t<\/section>\r\n\t\t\t\t<section class=\"elementor-section elementor-top-section elementor-element elementor-element-cacf5d5 elementor-section-boxed elementor-section-height-default elementor-section-height-default\" data-id=\"cacf5d5\" data-element_type=\"section\">\r\n\t\t\t\t\t\t<div class=\"elementor-container elementor-column-gap-thegem\"><div class=\"elementor-row\">\r\n\t\t\t\t\t<div class=\"elementor-column elementor-col-100 elementor-top-column elementor-element elementor-element-bb557c2\" data-id=\"bb557c2\" data-element_type=\"column\">\n\t\t\t<div class=\"elementor-widget-wrap elementor-element-populated\">\n\t\t\t\t\t\t<div class=\"elementor-element elementor-element-d0cdd1e flex-horizontal-align-default flex-horizontal-align-tablet-default flex-horizontal-align-mobile-default flex-vertical-align-default flex-vertical-align-tablet-default flex-vertical-align-mobile-default elementor-widget elementor-widget-text-editor\" data-id=\"d0cdd1e\" data-element_type=\"widget\" data-widget_type=\"text-editor.default\">\n\t\t\t\t<div class=\"elementor-widget-container\">\n\t\t\t\t\t\t\t\t\t\t\t\t<div class=\"elementor-text-editor elementor-clearfix\">\r\n\t\t\t\t\t\t<p>F\u00fcr kurzfristige Buchungen, auch stundenweise, einfach anrufen 0171\/3197850 oder vorbeikommen!<\/p>\t\t\t\t\t\t\t<\/div>\r\n\t\t\t\t\t\t\t\t\t\t<\/div>\n\t\t\t\t<\/div>\n\t\t\t\t\t<\/div>\n\t\t<\/div>\n\t\t\t\t\t<\/div><\/div>\r\n\t\t<\/section>\r\n\t\t\t\t<section class=\"elementor-section elementor-top-section elementor-element elementor-element-be6fb3f elementor-section-boxed elementor-section-height-default elementor-section-height-default\" data-id=\"be6fb3f\" data-element_type=\"section\">\r\n\t\t\t\t\t\t<div class=\"elementor-container elementor-column-gap-thegem\"><div class=\"elementor-row\">\r\n\t\t\t\t\t<div class=\"elementor-column elementor-col-50 elementor-top-column elementor-element elementor-element-f9abf63\" data-id=\"f9abf63\" data-element_type=\"column\">\n\t\t\t<div class=\"elementor-widget-wrap elementor-element-populated\">\n\t\t\t\t\t\t<div class=\"elementor-element elementor-element-2cbe902 flex-horizontal-align-default flex-horizontal-align-tablet-default flex-horizontal-align-mobile-default flex-vertical-align-default flex-vertical-align-tablet-default flex-vertical-align-mobile-default elementor-widget elementor-widget-text-editor\" data-id=\"2cbe902\" data-element_type=\"widget\" data-widget_type=\"text-editor.default\">\n\t\t\t\t<div class=\"elementor-widget-container\">\n\t\t\t\t\t\t\t\t\t\t\t\t<div class=\"elementor-text-editor elementor-clearfix\">\r\n\t\t\t\t\t\t<p><span style=\"text-decoration: underline;\">Mit Muskelkraft:<\/span><\/p><ul><li><p><strong>Tretboot<\/strong>\u00a0&#8211; 14\u20ac pro Stunde (3 Stunden 35\u20ac\/ Tag 50\u20ac)<\/p><\/li><li><p><strong style=\"letter-spacing: 0px;\">Kajak<\/strong><span style=\"letter-spacing: 0px;\"> &#8211; 8\u20ac pro Stunde (30\u20ac pro Tag)<\/span><\/p><\/li><li><p><strong>2er-Kajak<\/strong> &#8211; 10\u20ac pro Stunde (35\u20ac pro Tag)<\/p><\/li><li><p><strong>Kanadier<\/strong> &#8211; 10\u20ac pro Stunde (35\u20ac pro Tag)<\/p><\/li><li><p><strong>3er Kanadier<\/strong> &#8211; 12\u20ac pro Stunde (45\u20ac pro Tag)<\/p><\/li><li><p><strong>Ruderboot <\/strong>\u00a0&#8211; 15\u20ac pro Stunde (3h 40\u20ac \/ Tag 75\u20ac)<\/p><\/li><li><strong>Stand upPaddle<\/strong> &#8211; 15\u20ac pro Stunde (3h 35\u20ac \/ Tag 60\u20ac)<\/li><\/ul><p><span style=\"text-decoration: underline;\"><br \/>Mit Motor:<\/span><\/p><ul><li><p style=\"text-align: left;\"><strong>Motorboot 5 PS<\/strong> &#8211; 30\u20ac pro Stunde (3h 70\u20ac \/ Tag 130\u20ac)<\/p><\/li><li><strong>Motorboot 15 PS<\/strong> &#8211; 40\u20ac pro Stunde (3h 95\u20ac \/ Tag 175\u20ac)<br \/><br \/><\/li><li><b>Barkas-Floss\u00a0<\/b>&#8211; 50\u20ac pro Stunde (3h 120\u20ac \/ \u00dcbernachtung im Barkas 200\u20ac)<br \/><br \/>Der Verleih der Boote ist auch \u00fcber mehrere Tage m\u00f6glich<\/li><li>Der Transfer an den von Ihnen bestimmten Ort ist nach Absprache und zu einen Aufpreis gew\u00e4hrleistet<\/li><li>Im Preis inbegriffen ist der Verleih von Schwimmwesten und Packs\u00e4cken<\/li><li>Unsere Ruderboote mit Au\u00dfenborder k\u00f6nnen F\u00fchrerscheinfrei benutzt werden<\/li><li>Der Ausweis ist bei der Vermietung erforderlich<\/li><\/ul>\t\t\t\t\t\t\t<\/div>\r\n\t\t\t\t\t\t\t\t\t\t<\/div>\n\t\t\t\t<\/div>\n\t\t\t\t<div class=\"elementor-element elementor-element-895a502 flex-horizontal-align-default flex-horizontal-align-tablet-default flex-horizontal-align-mobile-default flex-vertical-align-default flex-vertical-align-tablet-default flex-vertical-align-mobile-default elementor-widget elementor-widget-image\" data-id=\"895a502\" data-element_type=\"widget\" data-widget_type=\"image.default\">\n\t\t\t\t<div class=\"elementor-widget-container\">\n\t\t\t\t\t\t\t\t\t\t\t\t\t\t\t<img fetchpriority=\"high\" width=\"473\" height=\"348\" src=\"https:\/\/bootsverleih-flossfahrten.de\/floss\/wp-content\/uploads\/2023\/02\/yoga_web.jpg\" class=\"attachment-large size-large wp-image-357\" alt=\"\" srcset=\"https:\/\/bootsverleih-flossfahrten.de\/floss\/wp-content\/uploads\/2023\/02\/yoga_web.jpg 473w, https:\/\/bootsverleih-flossfahrten.de\/floss\/wp-content\/uploads\/2023\/02\/yoga_web-300x221.jpg 300w\" sizes=\"(max-width: 473px) 100vw, 473px\" \/>\t\t\t\t\t\t\t\t\t\t\t\t\t\t\t<\/div>\n\t\t\t\t<\/div>\n\t\t\t\t<div class=\"elementor-element elementor-element-694f2d2 flex-horizontal-align-default flex-horizontal-align-tablet-default flex-horizontal-align-mobile-default flex-vertical-align-default flex-vertical-align-tablet-default flex-vertical-align-mobile-default elementor-widget elementor-widget-heading\" data-id=\"694f2d2\" data-element_type=\"widget\" data-widget_type=\"heading.default\">\n\t\t\t\t<div class=\"elementor-widget-container\">\n\t\t\t\t\t<h2 class=\"elementor-heading-title elementor-size-default\">Yoga-Fitness<\/h2>\t\t\t\t<\/div>\n\t\t\t\t<\/div>\n\t\t\t\t<div class=\"elementor-element elementor-element-9b3694c flex-horizontal-align-default flex-horizontal-align-tablet-default flex-horizontal-align-mobile-default flex-vertical-align-default flex-vertical-align-tablet-default flex-vertical-align-mobile-default elementor-widget elementor-widget-text-editor\" data-id=\"9b3694c\" data-element_type=\"widget\" data-widget_type=\"text-editor.default\">\n\t\t\t\t<div class=\"elementor-widget-container\">\n\t\t\t\t\t\t\t\t\t\t\t\t<div class=\"elementor-text-editor elementor-clearfix\">\r\n\t\t\t\t\t\t<p>Jeden Sonntag um 9 Uhr (Juli &amp; August)<\/p>\t\t\t\t\t\t\t<\/div>\r\n\t\t\t\t\t\t\t\t\t\t<\/div>\n\t\t\t\t<\/div>\n\t\t\t\t\t<\/div>\n\t\t<\/div>\n\t\t\t\t<div class=\"elementor-column elementor-col-50 elementor-top-column elementor-element elementor-element-cfaf6b0\" data-id=\"cfaf6b0\" data-element_type=\"column\">\n\t\t\t<div class=\"elementor-widget-wrap elementor-element-populated\">\n\t\t\t\t\t\t<div class=\"elementor-element elementor-element-4b49114 flex-horizontal-align-default flex-horizontal-align-tablet-default flex-horizontal-align-mobile-default flex-vertical-align-default flex-vertical-align-tablet-default flex-vertical-align-mobile-default elementor-widget elementor-widget-html\" data-id=\"4b49114\" data-element_type=\"widget\" data-widget_type=\"html.default\">\n\t\t\t\t<div class=\"elementor-widget-container\">\n\t\t\t\t\t<script type=\"text\/javascript\" src=\"\/\/localtour.checkfront.com\/lib\/interface--0.js\"><\/script>\r\n<!-- CHECKFRONT BOOKING PLUGIN v25-->\r\n<div id=\"CHECKFRONT_WIDGET_01\"><p id=\"CHECKFRONT_LOADER\" style=\"background: url('\/\/localtour.checkfront.com\/images\/loader.gif') left center no-repeat; padding: 5px 5px 5px 20px\">Searching Availability...<\/p><\/div>\r\n<script>\r\nnew DROPLET.Widget ({\r\nhost: 'localtour.checkfront.com',\r\ntarget: 'CHECKFRONT_WIDGET_01',\r\ncategory_id: '134',\r\ntid: 'Webseite Uwes Bootsverleih',\r\noptions: 'category_select,hidesearch,hidedates',\r\nprovider: 'droplet'\r\n}).render();\r\n<\/script>\r\n<noscript><a href=\"https:\/\/localtour.checkfront.com\/reserve\/\" style=\"font-size: 16px\">Continue to Secure Booking System &raquo;<\/a><\/noscript>\t\t\t\t<\/div>\n\t\t\t\t<\/div>\n\t\t\t\t\t<\/div>\n\t\t<\/div>\n\t\t\t\t\t<\/div><\/div>\r\n\t\t<\/section>\r\n\t\t\t\t<section class=\"elementor-section elementor-top-section elementor-element elementor-element-4e9338d elementor-section-boxed elementor-section-height-default elementor-section-height-default\" data-id=\"4e9338d\" data-element_type=\"section\">\r\n\t\t\t\t\t\t<div class=\"elementor-container elementor-column-gap-thegem\"><div class=\"elementor-row\">\r\n\t\t\t\t\t<div class=\"elementor-column elementor-col-50 elementor-top-column elementor-element elementor-element-79d2545\" data-id=\"79d2545\" data-element_type=\"column\">\n\t\t\t<div class=\"elementor-widget-wrap\">\n\t\t\t\t\t\t\t<\/div>\n\t\t<\/div>\n\t\t\t\t<div class=\"elementor-column elementor-col-50 elementor-top-column elementor-element elementor-element-905a37a\" data-id=\"905a37a\" data-element_type=\"column\">\n\t\t\t<div class=\"elementor-widget-wrap\">\n\t\t\t\t\t\t\t<\/div>\n\t\t<\/div>\n\t\t\t\t\t<\/div><\/div>\r\n\t\t<\/section>\r\n\t\t\t\t<\/div>\n\t\t","protected":false},"excerpt":{"rendered":"<p>Angebote und Preise F\u00fcr kurzfristige Buchungen, auch stundenweise, einfach anrufen 0171\/3197850 oder vorbeikommen! Mit Muskelkraft: Tretboot &#8211; 15\u20ac pro Stunde&#8230;<\/p>\n","protected":false},"author":1,"featured_media":0,"parent":0,"menu_order":0,"comment_status":"closed","ping_status":"closed","template":"page-fullwidth.php","meta":{"footnotes":""},"class_list":["post-17","page","type-page","status-publish"],"_links":{"self":[{"href":"https:\/\/bootsverleih-flossfahrten.de\/floss\/wp-json\/wp\/v2\/pages\/17","targetHints":{"allow":["GET"]}}],"collection":[{"href":"https:\/\/bootsverleih-flossfahrten.de\/floss\/wp-json\/wp\/v2\/pages"}],"about":[{"href":"https:\/\/bootsverleih-flossfahrten.de\/floss\/wp-json\/wp\/v2\/types\/page"}],"author":[{"embeddable":true,"href":"https:\/\/bootsverleih-flossfahrten.de\/floss\/wp-json\/wp\/v2\/users\/1"}],"replies":[{"embeddable":true,"href":"https:\/\/bootsverleih-flossfahrten.de\/floss\/wp-json\/wp\/v2\/comments?post=17"}],"version-history":[{"count":51,"href":"https:\/\/bootsverleih-flossfahrten.de\/floss\/wp-json\/wp\/v2\/pages\/17\/revisions"}],"predecessor-version":[{"id":379,"href":"https:\/\/bootsverleih-flossfahrten.de\/floss\/wp-json\/wp\/v2\/pages\/17\/revisions\/379"}],"wp:attachment":[{"href":"https:\/\/bootsverleih-flossfahrten.de\/floss\/wp-json\/wp\/v2\/media?parent=17"}],"curies":[{"name":"wp","href":"https:\/\/api.w.org\/{rel}","templated":true}]}}